{"id":44,"date":"2017-04-05T08:58:36","date_gmt":"2017-04-05T08:58:36","guid":{"rendered":"http:\/\/hm-bauunternehmen.de\/?page_id=44"},"modified":"2024-08-22T13:47:24","modified_gmt":"2024-08-22T13:47:24","slug":"wir-ueber-uns","status":"publish","type":"page","link":"https:\/\/hm-bauunternehmen.de\/?page_id=44","title":{"rendered":"Wir \u00fcber uns"},"content":{"rendered":"<h2 style=\"text-align: left;\"><strong><span style=\"color: #33cccc;\">Wir \u00fcber uns<\/span><\/strong><\/h2>\n<p>Die Gesch\u00e4ftsf\u00fchrer Martin M\u00fcller und Marko Mender sowie ihre 30 Mitarbeiter sind im Stra\u00dfenbau, Hoch- und Tiefbau ebenso zu Hause, wie im Wasserleitungs- und Kanalbau.<\/p>\n<h2>Unser Team sichert auch einen 24- Stunden- Havariedienst rund um die Uhr ab&#8230;<\/h2>\n<h3><span style=\"color: #33cccc;\">Kontaktdaten<br \/>\n<\/span><\/h3>\n<h3>Tel.:\u00a0\u00a0\u00a0\u00a0\u00a0 036022 \/ 96718<br \/>\nFax:\u00a0\u00a0\u00a0\u00a0\u00a0 036022 \/ 98744<br \/>\neMail:\u00a0 <a href=\"mailto:info@hm-bauunternehmen.de\">info[at]hm-bauunternehmen.de<\/a><\/h3>\n<h3>Martin M\u00fcller &#8211; Gesch\u00e4ftsf\u00fchrer<br \/>\nTel.: 036022 \/ 96716<br \/>\nHandy: 0173\/6686567<br \/>\nE-Mail: <a href=\"mailto:mueller@hm-bauunternehmen.de\">mueller<\/a><a href=\"mailto:info@hm-bauunternehmen.de\">[at]<\/a><a href=\"mailto:mueller@hm-bauunternehmen.de\">hm-bauunternehmen.de<\/a><\/h3>\n<h3>Marko Mender &#8211; Gesch\u00e4ftsf\u00fchrer<br \/>\nTel.: 036022 \/ 174008<br \/>\nHandy: 0174\/3420831<br \/>\nE-Mail: <a href=\"mailto:mender@hm-bauunternehmen.de\">mender<\/a><a href=\"mailto:info@hm-bauunternehmen.de\">[at]<\/a><a href=\"mailto:mender@hm-bauunternehmen.de\">hm-bauunternehmen.de<\/a><\/h3>\n<h3>Rositta\u00a0Schack &#8211; Sachbearbeiterin<br \/>\nTel.: 036022\/96718<br \/>\nE-Mail: <a href=\"mailto:sachbearbeiter@hm-bauunternehmen.de\">sachbearbeiter[at]hm-bauunternehmen.de<\/a><\/h3>\n<h3>Jens Borchardt &#8211; Bauleiter<br \/>\nMobil: 0173\/4870616<br \/>\nE-Mail: <a href=\"mailto:blkrausslach@hm-bauunternehmen.de\">borchardt[at]hm-bauunternehmen.de<\/a><\/h3>\n","protected":false},"excerpt":{"rendered":"<p>Wir \u00fcber uns Die Gesch\u00e4ftsf\u00fchrer Martin M\u00fcller und Marko Mender sowie ihre 30 Mitarbeiter sind im Stra\u00dfenbau, Hoch- und Tiefbau ebenso zu Hause, wie im Wasserleitungs- und Kanalbau. Unser Team sichert auch einen 24- Stunden- Havariedienst rund um die Uhr ab&#8230; Kontaktdaten Tel.:\u00a0\u00a0\u00a0\u00a0\u00a0 036022 \/ 96718 Fax:\u00a0\u00a0\u00a0\u00a0\u00a0 036022 \/ 98744 eMail:\u00a0 info[at]hm-bauunternehmen.de Martin M\u00fcller &#8211; &hellip; <\/p>\n<p class=\"link-more\"><a href=\"https:\/\/hm-bauunternehmen.de\/?page_id=44\" class=\"more-link\"><span class=\"screen-reader-text\">\u201eWir \u00fcber uns\u201c<\/span> weiterlesen<\/a><\/p>\n","protected":false},"author":1,"featured_media":0,"parent":0,"menu_order":0,"comment_status":"closed","ping_status":"closed","template":"","meta":{"footnotes":""},"class_list":["post-44","page","type-page","status-publish","hentry"],"_links":{"self":[{"href":"https:\/\/hm-bauunternehmen.de\/index.php?rest_route=\/wp\/v2\/pages\/44","targetHints":{"allow":["GET"]}}],"collection":[{"href":"https:\/\/hm-bauunternehmen.de\/index.php?rest_route=\/wp\/v2\/pages"}],"about":[{"href":"https:\/\/hm-bauunternehmen.de\/index.php?rest_route=\/wp\/v2\/types\/page"}],"author":[{"embeddable":true,"href":"https:\/\/hm-bauunternehmen.de\/index.php?rest_route=\/wp\/v2\/users\/1"}],"replies":[{"embeddable":true,"href":"https:\/\/hm-bauunternehmen.de\/index.php?rest_route=%2Fwp%2Fv2%2Fcomments&post=44"}],"version-history":[{"count":15,"href":"https:\/\/hm-bauunternehmen.de\/index.php?rest_route=\/wp\/v2\/pages\/44\/revisions"}],"predecessor-version":[{"id":354,"href":"https:\/\/hm-bauunternehmen.de\/index.php?rest_route=\/wp\/v2\/pages\/44\/revisions\/354"}],"wp:attachment":[{"href":"https:\/\/hm-bauunternehmen.de\/index.php?rest_route=%2Fwp%2Fv2%2Fmedia&parent=44"}],"curies":[{"name":"wp","href":"https:\/\/api.w.org\/{rel}","templated":true}]}}