{"id":228,"date":"2018-02-26T14:22:42","date_gmt":"2018-02-26T14:22:42","guid":{"rendered":"http:\/\/hm-bauunternehmen.de\/?page_id=228"},"modified":"2025-11-17T15:53:31","modified_gmt":"2025-11-17T15:53:31","slug":"soziales-sponsoring","status":"publish","type":"page","link":"https:\/\/hm-bauunternehmen.de\/?page_id=228","title":{"rendered":"Sponsoring"},"content":{"rendered":"\n<figure class=\"wp-block-image size-large\"><img loading=\"lazy\" decoding=\"async\" width=\"1024\" height=\"489\" src=\"http:\/\/hm-bauunternehmen.de\/wp-content\/uploads\/2019\/12\/SIEGEL_SpendenStattGeschenke_2019_Quer-1024x489.png\" alt=\"\" class=\"wp-image-278\" srcset=\"https:\/\/hm-bauunternehmen.de\/wp-content\/uploads\/2019\/12\/SIEGEL_SpendenStattGeschenke_2019_Quer-1024x489.png 1024w, https:\/\/hm-bauunternehmen.de\/wp-content\/uploads\/2019\/12\/SIEGEL_SpendenStattGeschenke_2019_Quer-300x143.png 300w, https:\/\/hm-bauunternehmen.de\/wp-content\/uploads\/2019\/12\/SIEGEL_SpendenStattGeschenke_2019_Quer-768x367.png 768w, https:\/\/hm-bauunternehmen.de\/wp-content\/uploads\/2019\/12\/SIEGEL_SpendenStattGeschenke_2019_Quer-1536x733.png 1536w, https:\/\/hm-bauunternehmen.de\/wp-content\/uploads\/2019\/12\/SIEGEL_SpendenStattGeschenke_2019_Quer.png 1747w\" sizes=\"auto, (max-width: 706px) 89vw, (max-width: 767px) 82vw, 740px\" \/><\/figure>\n\n\n\n<p><\/p>\n\n\n\n<figure class=\"wp-block-image\"><img loading=\"lazy\" decoding=\"async\" width=\"210\" height=\"300\" src=\"http:\/\/hm-bauunternehmen.de\/wp-content\/uploads\/2025\/01\/WhatsApp-Bild-2025-01-08-um-11.33.18_f1664707-210x300.jpg\" alt=\"\" class=\"wp-image-364\" srcset=\"https:\/\/hm-bauunternehmen.de\/wp-content\/uploads\/2025\/01\/WhatsApp-Bild-2025-01-08-um-11.33.18_f1664707-210x300.jpg 210w, https:\/\/hm-bauunternehmen.de\/wp-content\/uploads\/2025\/01\/WhatsApp-Bild-2025-01-08-um-11.33.18_f1664707-718x1024.jpg 718w, https:\/\/hm-bauunternehmen.de\/wp-content\/uploads\/2025\/01\/WhatsApp-Bild-2025-01-08-um-11.33.18_f1664707-768x1095.jpg 768w, https:\/\/hm-bauunternehmen.de\/wp-content\/uploads\/2025\/01\/WhatsApp-Bild-2025-01-08-um-11.33.18_f1664707-1077x1536.jpg 1077w, https:\/\/hm-bauunternehmen.de\/wp-content\/uploads\/2025\/01\/WhatsApp-Bild-2025-01-08-um-11.33.18_f1664707.jpg 1110w\" sizes=\"auto, (max-width: 210px) 100vw, 210px\" \/><\/figure>\n\n\n\n<figure class=\"wp-block-image\"><img loading=\"lazy\" decoding=\"async\" width=\"225\" height=\"300\" src=\"http:\/\/hm-bauunternehmen.de\/wp-content\/uploads\/2025\/02\/WhatsApp-Bild-2025-02-03-um-07.50.59_407e3624-225x300.jpg\" alt=\"\" class=\"wp-image-369\" srcset=\"https:\/\/hm-bauunternehmen.de\/wp-content\/uploads\/2025\/02\/WhatsApp-Bild-2025-02-03-um-07.50.59_407e3624-225x300.jpg 225w, https:\/\/hm-bauunternehmen.de\/wp-content\/uploads\/2025\/02\/WhatsApp-Bild-2025-02-03-um-07.50.59_407e3624-767x1024.jpg 767w, https:\/\/hm-bauunternehmen.de\/wp-content\/uploads\/2025\/02\/WhatsApp-Bild-2025-02-03-um-07.50.59_407e3624-768x1025.jpg 768w, https:\/\/hm-bauunternehmen.de\/wp-content\/uploads\/2025\/02\/WhatsApp-Bild-2025-02-03-um-07.50.59_407e3624-1151x1536.jpg 1151w, https:\/\/hm-bauunternehmen.de\/wp-content\/uploads\/2025\/02\/WhatsApp-Bild-2025-02-03-um-07.50.59_407e3624.jpg 1199w\" sizes=\"auto, (max-width: 225px) 100vw, 225px\" \/><\/figure>\n\n\n\n<p>&nbsp; &nbsp; &nbsp; <\/p>\n\n\n\n<p><span style=\"font-size: 14px; color: #666666; font-style: italic;\">Offizieller F\u00f6rderer des Kinder- und Jungendhospiz Mitteldeutschland in Tambach-Dietharz<\/span><\/p>\n\n\n\n<p><strong>Sponsoring kompletter Trikotsatz f\u00fcr die Spielgemeinschaft SV Thamsbr\u00fcck\/Sch\u00f6nstedt<\/strong><\/p>\n\n\n\n<figure class=\"wp-block-image size-large\"><img decoding=\"async\" src=\"http:\/\/hm-bauunternehmen.de\/wp-content\/uploads\/2025\/11\/WhatsApp-Bild-2025-11-17-um-07.51.27_67fc7310.jpg\" alt=\"\"\/><\/figure>\n\n\n\n<p>+++Nach mehreren ungl\u00fccklichen Niederlagen waren die Mannschaft wie auch das Trainer-Duo Steve E. und Sascha M. frustriert. Eine Ver\u00e4nderung musste her \u2026 Diese erm\u00f6glichte der Sponsor unserer neuen Trikots.<br>Am 09.11.2025 stand unsere Mannschaft im Heimspiel gegen die SG Marolterode auf dem Platz \u2013 doch wie ausgewechselt. In Blau-Gold kamen unsere M\u00e4nner stolz aus ihren Kabinen und stellten sich dem Gegner mit neuem Teamgeist und starkem Willen. Ein 5:3 und damit der \u201e3-Lachs\u201c f\u00fcr den TSV blieb somit nicht aus.<\/p>\n\n\n\n<p>Auch gegen den FSV Preu\u00dfen II am gestrigen Nachmittag blieben die Chancen nicht ungenutzt und versetzten dem eigentlich ungeschlagenen Tabellenf\u00fchrer einen D\u00e4mpfer. F\u00fcr diese Unterst\u00fctzung und diesen Sportsgeist bedanken wir uns recht herzlich bei Martin M\u00fcller und gratulieren ihm im gleichen Zuge zum Jubil\u00e4um:<\/p>\n\n\n\n<p>20 Jahre HM-Bauunternehmen! &#x1f490;<br>Wir w\u00fcnschen weiterhin viel Erfolg und hoffentlich eine gute Zusammenarbeit. +++<\/p>\n\n\n\n<figure class=\"wp-block-image\"><a href=\"http:\/\/hm-bauunternehmen.de\/wp-content\/uploads\/2019\/04\/00000.jpg\"><img loading=\"lazy\" decoding=\"async\" width=\"1062\" height=\"585\" src=\"http:\/\/hm-bauunternehmen.de\/wp-content\/uploads\/2019\/04\/00000.jpg\" alt=\"\" class=\"wp-image-263\" srcset=\"https:\/\/hm-bauunternehmen.de\/wp-content\/uploads\/2019\/04\/00000.jpg 1062w, https:\/\/hm-bauunternehmen.de\/wp-content\/uploads\/2019\/04\/00000-300x165.jpg 300w, https:\/\/hm-bauunternehmen.de\/wp-content\/uploads\/2019\/04\/00000-768x423.jpg 768w, https:\/\/hm-bauunternehmen.de\/wp-content\/uploads\/2019\/04\/00000-1024x564.jpg 1024w\" sizes=\"auto, (max-width: 706px) 89vw, (max-width: 767px) 82vw, 740px\" \/><\/a><\/figure>\n\n\n\n<p><\/p>\n\n\n\n<p>+++ E-Junioren zur Heimpremiere 2019 in neuen Trikots der Firma HM-Bauunternehmen GmbH +++<br>SV Gr\u00fcn-Wei\u00df Sch\u00f6nstedt \u2013 SG FC An der Fahner H\u00f6heII 1:4<br>Bei bestem Wetter hatten die Gr\u00fcn-Wei\u00dfen E-Junioren am Samstag Morgen die Mannschaft der SG FC An der Fahner H\u00f6he II zu Gast.<br>Doch dieses Mal gab es bereits vor dem Spiel das erste Highlight. Denn Martin M\u00fcller und Marko Mender, die Gesch\u00e4ftsf\u00fchrer der Firma HM-Bauunternehmen GmbH ( http:\/\/hm-bauunternehmen.de ), \u00fcbergaben den Jungs und M\u00e4dels einen neuen Trikotsatz. An dieser Stelle, ein gro\u00dfes DANKE f\u00fcr die Unterst\u00fctzung des Sch\u00f6nstedter Nachwuchses.<br>Zum Spiel:<br>Wie leider schon gewohnt startete Gr\u00fcn-Wei\u00df verhalten und einige waren Augenscheinlich mit ihren Gedanken noch im Bett. So hatte der Gegner von Anfang an mehr vom Spiel und kam auch schnell zur verdienten F\u00fchrung. Danach wurden die Sch\u00f6nstedter wach und kamen besser ins Spiel, erspielten sich Chancen und standen auch in der Defensive besser. Doch eine kleine Unachtsamkeit wurde bestraft und es ging mit einem 0:2 R\u00fcckstand in die Pause.<br>F\u00fcr die zweite H\u00e4lfte nahm sich das Team mehr vor, doch diese h\u00e4tte nicht ungl\u00fccklicher beginnen k\u00f6nnen. Denn nichteinmal 5 Minuten nach Wiederanpfiff stand es bereits 0:4.<br>Und einmal mehr zeigte die Mannschaft Moral und gab nicht auf. Im Gegenteil, mehr und mehr \u00fcbernahm man das Spiel und kam zu guten Torchancen, die leider nicht genutzt wurden. Kurz vor Ende dann zumindest noch der verdiente Ehrentreffer durch einen Freisto\u00df aus der zweiten Reihe den wir Jaden und Jakob zu gleichen Teilen anrechnen k\u00f6nnen.<br>Insgesamt also eine ordentliche Leistung auf die die junge Mannschaft aufbauen kann.<\/p>\n\n\n\n<dl id=\"attachment_95\" class=\"wp-caption alignleft\" style=\"width: 235px;\"><\/dl>\n\n\n\n<div class=\"mceTemp\">&nbsp;<\/div>\n\n\n\n<div class=\"mceTemp\">\n<div class=\"mceTemp\">\n<div class=\"mceTemp\">\n<div class=\"mceTemp\">\n<div class=\"mceTemp\">\n<div class=\"mceTemp\">\n<div class=\"mceTemp\"><\/div><\/div><\/div><\/div><\/div><\/div><\/div>\n\n\n<div class=\"wp-block-image wp-image-240 size-full\">\n<figure class=\"alignleft\"><img loading=\"lazy\" decoding=\"async\" width=\"752\" height=\"449\" src=\"http:\/\/hm-bauunternehmen.de\/wp-content\/uploads\/2018\/05\/Fu\u00dfball-HM.jpg\" alt=\"\" class=\"wp-image-240\" srcset=\"https:\/\/hm-bauunternehmen.de\/wp-content\/uploads\/2018\/05\/Fu\u00dfball-HM.jpg 752w, https:\/\/hm-bauunternehmen.de\/wp-content\/uploads\/2018\/05\/Fu\u00dfball-HM-300x179.jpg 300w\" sizes=\"auto, (max-width: 706px) 89vw, (max-width: 767px) 82vw, 740px\" \/><figcaption class=\"wp-element-caption\">Mannschaft des Motorsportclub M\u00fclverstedt zum Traditionstunier &#8222;Pokal des B\u00fcrgermeisters 2018&#8220; am 01.05.2018<\/figcaption><\/figure>\n<\/div>\n\n\n<figure class=\"wp-block-image\"><img loading=\"lazy\" decoding=\"async\" width=\"718\" height=\"1024\" src=\"http:\/\/hm-bauunternehmen.de\/wp-content\/uploads\/2019\/06\/KL-Verlag-2019-718x1024.jpg\" alt=\"\" class=\"wp-image-273\" srcset=\"https:\/\/hm-bauunternehmen.de\/wp-content\/uploads\/2019\/06\/KL-Verlag-2019-718x1024.jpg 718w, https:\/\/hm-bauunternehmen.de\/wp-content\/uploads\/2019\/06\/KL-Verlag-2019-210x300.jpg 210w, https:\/\/hm-bauunternehmen.de\/wp-content\/uploads\/2019\/06\/KL-Verlag-2019-768x1095.jpg 768w\" sizes=\"auto, (max-width: 718px) 100vw, 718px\" \/><\/figure>\n","protected":false},"excerpt":{"rendered":"<p>&nbsp; &nbsp; &nbsp; Offizieller F\u00f6rderer des Kinder- und Jungendhospiz Mitteldeutschland in Tambach-Dietharz Sponsoring kompletter Trikotsatz f\u00fcr die Spielgemeinschaft SV Thamsbr\u00fcck\/Sch\u00f6nstedt +++Nach mehreren ungl\u00fccklichen Niederlagen waren die Mannschaft wie auch das Trainer-Duo Steve E. und Sascha M. frustriert. Eine Ver\u00e4nderung musste her \u2026 Diese erm\u00f6glichte der Sponsor unserer neuen Trikots.Am 09.11.2025 stand unsere Mannschaft im Heimspiel &hellip; <\/p>\n<p class=\"link-more\"><a href=\"https:\/\/hm-bauunternehmen.de\/?page_id=228\" class=\"more-link\"><span class=\"screen-reader-text\">\u201eSponsoring\u201c<\/span> weiterlesen<\/a><\/p>\n","protected":false},"author":1,"featured_media":0,"parent":0,"menu_order":0,"comment_status":"closed","ping_status":"closed","template":"","meta":{"footnotes":""},"class_list":["post-228","page","type-page","status-publish","hentry"],"_links":{"self":[{"href":"https:\/\/hm-bauunternehmen.de\/index.php?rest_route=\/wp\/v2\/pages\/228","targetHints":{"allow":["GET"]}}],"collection":[{"href":"https:\/\/hm-bauunternehmen.de\/index.php?rest_route=\/wp\/v2\/pages"}],"about":[{"href":"https:\/\/hm-bauunternehmen.de\/index.php?rest_route=\/wp\/v2\/types\/page"}],"author":[{"embeddable":true,"href":"https:\/\/hm-bauunternehmen.de\/index.php?rest_route=\/wp\/v2\/users\/1"}],"replies":[{"embeddable":true,"href":"https:\/\/hm-bauunternehmen.de\/index.php?rest_route=%2Fwp%2Fv2%2Fcomments&post=228"}],"version-history":[{"count":18,"href":"https:\/\/hm-bauunternehmen.de\/index.php?rest_route=\/wp\/v2\/pages\/228\/revisions"}],"predecessor-version":[{"id":384,"href":"https:\/\/hm-bauunternehmen.de\/index.php?rest_route=\/wp\/v2\/pages\/228\/revisions\/384"}],"wp:attachment":[{"href":"https:\/\/hm-bauunternehmen.de\/index.php?rest_route=%2Fwp%2Fv2%2Fmedia&parent=228"}],"curies":[{"name":"wp","href":"https:\/\/api.w.org\/{rel}","templated":true}]}}