{"id":107,"date":"2018-02-26T11:11:09","date_gmt":"2018-02-26T11:11:09","guid":{"rendered":"http:\/\/hm-bauunternehmen.de\/?page_id=107"},"modified":"2026-01-05T13:58:56","modified_gmt":"2026-01-05T13:58:56","slug":"bilder","status":"publish","type":"page","link":"https:\/\/hm-bauunternehmen.de\/?page_id=107","title":{"rendered":"Bilder Tiefbau"},"content":{"rendered":"<div id='gallery-1' class='gallery galleryid-107 gallery-columns-4 gallery-size-thumbnail'><figure class='gallery-item'>\n\t\t\t<div class='gallery-icon landscape'>\n\t\t\t\t<a href='https:\/\/hm-bauunternehmen.de\/wp-content\/uploads\/2018\/02\/Behringen-Kanalbau-5.jpg'><img loading=\"lazy\" decoding=\"async\" width=\"150\" height=\"150\" src=\"https:\/\/hm-bauunternehmen.de\/wp-content\/uploads\/2018\/02\/Behringen-Kanalbau-5-150x150.jpg\" class=\"attachment-thumbnail size-thumbnail\" alt=\"\" srcset=\"https:\/\/hm-bauunternehmen.de\/wp-content\/uploads\/2018\/02\/Behringen-Kanalbau-5-150x150.jpg 150w, https:\/\/hm-bauunternehmen.de\/wp-content\/uploads\/2018\/02\/Behringen-Kanalbau-5-100x100.jpg 100w\" sizes=\"auto, 100vw\" \/><\/a>\n\t\t\t<\/div><\/figure><figure class='gallery-item'>\n\t\t\t<div class='gallery-icon landscape'>\n\t\t\t\t<a href='https:\/\/hm-bauunternehmen.de\/wp-content\/uploads\/2018\/02\/Behringen-Kanalbau-6.jpg'><img loading=\"lazy\" decoding=\"async\" width=\"150\" height=\"150\" src=\"https:\/\/hm-bauunternehmen.de\/wp-content\/uploads\/2018\/02\/Behringen-Kanalbau-6-150x150.jpg\" class=\"attachment-thumbnail size-thumbnail\" alt=\"\" srcset=\"https:\/\/hm-bauunternehmen.de\/wp-content\/uploads\/2018\/02\/Behringen-Kanalbau-6-150x150.jpg 150w, https:\/\/hm-bauunternehmen.de\/wp-content\/uploads\/2018\/02\/Behringen-Kanalbau-6-100x100.jpg 100w\" sizes=\"auto, 100vw\" \/><\/a>\n\t\t\t<\/div><\/figure><figure class='gallery-item'>\n\t\t\t<div class='gallery-icon landscape'>\n\t\t\t\t<a href='https:\/\/hm-bauunternehmen.de\/wp-content\/uploads\/2018\/02\/Behringen-Kanalbau-7.jpg'><img loading=\"lazy\" decoding=\"async\" width=\"150\" height=\"150\" src=\"https:\/\/hm-bauunternehmen.de\/wp-content\/uploads\/2018\/02\/Behringen-Kanalbau-7-150x150.jpg\" class=\"attachment-thumbnail size-thumbnail\" alt=\"\" srcset=\"https:\/\/hm-bauunternehmen.de\/wp-content\/uploads\/2018\/02\/Behringen-Kanalbau-7-150x150.jpg 150w, https:\/\/hm-bauunternehmen.de\/wp-content\/uploads\/2018\/02\/Behringen-Kanalbau-7-100x100.jpg 100w\" sizes=\"auto, 100vw\" \/><\/a>\n\t\t\t<\/div><\/figure><figure class='gallery-item'>\n\t\t\t<div class='gallery-icon landscape'>\n\t\t\t\t<a href='https:\/\/hm-bauunternehmen.de\/wp-content\/uploads\/2018\/02\/Behringen-Zisterne.jpg'><img loading=\"lazy\" decoding=\"async\" width=\"150\" height=\"150\" src=\"https:\/\/hm-bauunternehmen.de\/wp-content\/uploads\/2018\/02\/Behringen-Zisterne-150x150.jpg\" class=\"attachment-thumbnail size-thumbnail\" alt=\"\" srcset=\"https:\/\/hm-bauunternehmen.de\/wp-content\/uploads\/2018\/02\/Behringen-Zisterne-150x150.jpg 150w, https:\/\/hm-bauunternehmen.de\/wp-content\/uploads\/2018\/02\/Behringen-Zisterne-100x100.jpg 100w\" sizes=\"auto, 100vw\" \/><\/a>\n\t\t\t<\/div><\/figure><figure class='gallery-item'>\n\t\t\t<div class='gallery-icon landscape'>\n\t\t\t\t<a href='https:\/\/hm-bauunternehmen.de\/wp-content\/uploads\/2018\/02\/Bilder-Bad-Tennstedt-Marktstra\u00dfe-2013-025.jpg'><img loading=\"lazy\" decoding=\"async\" width=\"150\" height=\"150\" src=\"https:\/\/hm-bauunternehmen.de\/wp-content\/uploads\/2018\/02\/Bilder-Bad-Tennstedt-Marktstra\u00dfe-2013-025-150x150.jpg\" class=\"attachment-thumbnail size-thumbnail\" alt=\"\" srcset=\"https:\/\/hm-bauunternehmen.de\/wp-content\/uploads\/2018\/02\/Bilder-Bad-Tennstedt-Marktstra\u00dfe-2013-025-150x150.jpg 150w, https:\/\/hm-bauunternehmen.de\/wp-content\/uploads\/2018\/02\/Bilder-Bad-Tennstedt-Marktstra\u00dfe-2013-025-100x100.jpg 100w\" sizes=\"auto, 100vw\" \/><\/a>\n\t\t\t<\/div><\/figure><figure class='gallery-item'>\n\t\t\t<div class='gallery-icon landscape'>\n\t\t\t\t<a href='https:\/\/hm-bauunternehmen.de\/wp-content\/uploads\/2018\/02\/Heyl-Foto-Schacht-auf-Hof-2.jpg'><img loading=\"lazy\" decoding=\"async\" width=\"150\" height=\"150\" src=\"https:\/\/hm-bauunternehmen.de\/wp-content\/uploads\/2018\/02\/Heyl-Foto-Schacht-auf-Hof-2-150x150.jpg\" class=\"attachment-thumbnail size-thumbnail\" alt=\"\" srcset=\"https:\/\/hm-bauunternehmen.de\/wp-content\/uploads\/2018\/02\/Heyl-Foto-Schacht-auf-Hof-2-150x150.jpg 150w, https:\/\/hm-bauunternehmen.de\/wp-content\/uploads\/2018\/02\/Heyl-Foto-Schacht-auf-Hof-2-100x100.jpg 100w\" sizes=\"auto, 100vw\" \/><\/a>\n\t\t\t<\/div><\/figure><figure class='gallery-item'>\n\t\t\t<div class='gallery-icon landscape'>\n\t\t\t\t<a href='https:\/\/hm-bauunternehmen.de\/wp-content\/uploads\/2018\/02\/D\u00f6rnfeld-Rohwasser-4.jpg'><img loading=\"lazy\" decoding=\"async\" width=\"150\" height=\"150\" src=\"https:\/\/hm-bauunternehmen.de\/wp-content\/uploads\/2018\/02\/D\u00f6rnfeld-Rohwasser-4-150x150.jpg\" class=\"attachment-thumbnail size-thumbnail\" alt=\"\" srcset=\"https:\/\/hm-bauunternehmen.de\/wp-content\/uploads\/2018\/02\/D\u00f6rnfeld-Rohwasser-4-150x150.jpg 150w, https:\/\/hm-bauunternehmen.de\/wp-content\/uploads\/2018\/02\/D\u00f6rnfeld-Rohwasser-4-100x100.jpg 100w\" sizes=\"auto, 100vw\" \/><\/a>\n\t\t\t<\/div><\/figure><figure class='gallery-item'>\n\t\t\t<div class='gallery-icon landscape'>\n\t\t\t\t<a href='https:\/\/hm-bauunternehmen.de\/wp-content\/uploads\/2018\/02\/D\u00f6rnfeld-Rohwasserleitung.jpg'><img loading=\"lazy\" decoding=\"async\" width=\"150\" height=\"150\" src=\"https:\/\/hm-bauunternehmen.de\/wp-content\/uploads\/2018\/02\/D\u00f6rnfeld-Rohwasserleitung-150x150.jpg\" class=\"attachment-thumbnail size-thumbnail\" alt=\"\" srcset=\"https:\/\/hm-bauunternehmen.de\/wp-content\/uploads\/2018\/02\/D\u00f6rnfeld-Rohwasserleitung-150x150.jpg 150w, https:\/\/hm-bauunternehmen.de\/wp-content\/uploads\/2018\/02\/D\u00f6rnfeld-Rohwasserleitung-100x100.jpg 100w\" sizes=\"auto, 100vw\" \/><\/a>\n\t\t\t<\/div><\/figure><figure class='gallery-item'>\n\t\t\t<div class='gallery-icon landscape'>\n\t\t\t\t<a href='https:\/\/hm-bauunternehmen.de\/wp-content\/uploads\/2018\/02\/Fotos-M\u00fclverstedt-M\u00fchlh\u00e4user-Str.-2.jpg'><img loading=\"lazy\" decoding=\"async\" width=\"150\" height=\"150\" src=\"https:\/\/hm-bauunternehmen.de\/wp-content\/uploads\/2018\/02\/Fotos-M\u00fclverstedt-M\u00fchlh\u00e4user-Str.-2-150x150.jpg\" class=\"attachment-thumbnail size-thumbnail\" alt=\"\" srcset=\"https:\/\/hm-bauunternehmen.de\/wp-content\/uploads\/2018\/02\/Fotos-M\u00fclverstedt-M\u00fchlh\u00e4user-Str.-2-150x150.jpg 150w, https:\/\/hm-bauunternehmen.de\/wp-content\/uploads\/2018\/02\/Fotos-M\u00fclverstedt-M\u00fchlh\u00e4user-Str.-2-100x100.jpg 100w\" sizes=\"auto, 100vw\" \/><\/a>\n\t\t\t<\/div><\/figure><figure class='gallery-item'>\n\t\t\t<div class='gallery-icon landscape'>\n\t\t\t\t<a href='https:\/\/hm-bauunternehmen.de\/wp-content\/uploads\/2018\/02\/Havarie-Niederdorla-vor-J\u00e4ger-1.jpg'><img loading=\"lazy\" decoding=\"async\" width=\"150\" height=\"150\" src=\"https:\/\/hm-bauunternehmen.de\/wp-content\/uploads\/2018\/02\/Havarie-Niederdorla-vor-J\u00e4ger-1-150x150.jpg\" class=\"attachment-thumbnail size-thumbnail\" alt=\"\" srcset=\"https:\/\/hm-bauunternehmen.de\/wp-content\/uploads\/2018\/02\/Havarie-Niederdorla-vor-J\u00e4ger-1-150x150.jpg 150w, https:\/\/hm-bauunternehmen.de\/wp-content\/uploads\/2018\/02\/Havarie-Niederdorla-vor-J\u00e4ger-1-100x100.jpg 100w\" sizes=\"auto, 100vw\" \/><\/a>\n\t\t\t<\/div><\/figure><figure class='gallery-item'>\n\t\t\t<div class='gallery-icon landscape'>\n\t\t\t\t<a href='https:\/\/hm-bauunternehmen.de\/wp-content\/uploads\/2018\/02\/IMG_1569.jpg'><img loading=\"lazy\" decoding=\"async\" width=\"150\" height=\"150\" src=\"https:\/\/hm-bauunternehmen.de\/wp-content\/uploads\/2018\/02\/IMG_1569-150x150.jpg\" class=\"attachment-thumbnail size-thumbnail\" alt=\"\" srcset=\"https:\/\/hm-bauunternehmen.de\/wp-content\/uploads\/2018\/02\/IMG_1569-150x150.jpg 150w, https:\/\/hm-bauunternehmen.de\/wp-content\/uploads\/2018\/02\/IMG_1569-100x100.jpg 100w\" sizes=\"auto, 100vw\" \/><\/a>\n\t\t\t<\/div><\/figure><figure class='gallery-item'>\n\t\t\t<div class='gallery-icon landscape'>\n\t\t\t\t<a href='https:\/\/hm-bauunternehmen.de\/wp-content\/uploads\/2018\/02\/IMG_1572.jpg'><img loading=\"lazy\" decoding=\"async\" width=\"150\" height=\"150\" src=\"https:\/\/hm-bauunternehmen.de\/wp-content\/uploads\/2018\/02\/IMG_1572-150x150.jpg\" class=\"attachment-thumbnail size-thumbnail\" alt=\"\" srcset=\"https:\/\/hm-bauunternehmen.de\/wp-content\/uploads\/2018\/02\/IMG_1572-150x150.jpg 150w, https:\/\/hm-bauunternehmen.de\/wp-content\/uploads\/2018\/02\/IMG_1572-100x100.jpg 100w\" sizes=\"auto, 100vw\" \/><\/a>\n\t\t\t<\/div><\/figure><figure class='gallery-item'>\n\t\t\t<div class='gallery-icon landscape'>\n\t\t\t\t<a href='https:\/\/hm-bauunternehmen.de\/wp-content\/uploads\/2018\/02\/Kanalbau-Geranienweg-1.jpg'><img loading=\"lazy\" decoding=\"async\" width=\"150\" height=\"150\" src=\"https:\/\/hm-bauunternehmen.de\/wp-content\/uploads\/2018\/02\/Kanalbau-Geranienweg-1-150x150.jpg\" class=\"attachment-thumbnail size-thumbnail\" alt=\"\" srcset=\"https:\/\/hm-bauunternehmen.de\/wp-content\/uploads\/2018\/02\/Kanalbau-Geranienweg-1-150x150.jpg 150w, https:\/\/hm-bauunternehmen.de\/wp-content\/uploads\/2018\/02\/Kanalbau-Geranienweg-1-100x100.jpg 100w\" sizes=\"auto, 100vw\" \/><\/a>\n\t\t\t<\/div><\/figure><figure class='gallery-item'>\n\t\t\t<div class='gallery-icon landscape'>\n\t\t\t\t<a href='https:\/\/hm-bauunternehmen.de\/wp-content\/uploads\/2018\/02\/Kanalbau-Sondra.jpg'><img loading=\"lazy\" decoding=\"async\" width=\"150\" height=\"150\" src=\"https:\/\/hm-bauunternehmen.de\/wp-content\/uploads\/2018\/02\/Kanalbau-Sondra-150x150.jpg\" class=\"attachment-thumbnail size-thumbnail\" alt=\"\" srcset=\"https:\/\/hm-bauunternehmen.de\/wp-content\/uploads\/2018\/02\/Kanalbau-Sondra-150x150.jpg 150w, https:\/\/hm-bauunternehmen.de\/wp-content\/uploads\/2018\/02\/Kanalbau-Sondra-100x100.jpg 100w\" sizes=\"auto, 100vw\" \/><\/a>\n\t\t\t<\/div><\/figure><figure class='gallery-item'>\n\t\t\t<div class='gallery-icon landscape'>\n\t\t\t\t<a href='https:\/\/hm-bauunternehmen.de\/wp-content\/uploads\/2018\/02\/LSZ-Gr\u00fcndung-Einfamilienhaus-am-Rosengarten-1.jpg'><img loading=\"lazy\" decoding=\"async\" width=\"150\" height=\"150\" src=\"https:\/\/hm-bauunternehmen.de\/wp-content\/uploads\/2018\/02\/LSZ-Gr\u00fcndung-Einfamilienhaus-am-Rosengarten-1-150x150.jpg\" class=\"attachment-thumbnail size-thumbnail\" alt=\"\" srcset=\"https:\/\/hm-bauunternehmen.de\/wp-content\/uploads\/2018\/02\/LSZ-Gr\u00fcndung-Einfamilienhaus-am-Rosengarten-1-150x150.jpg 150w, https:\/\/hm-bauunternehmen.de\/wp-content\/uploads\/2018\/02\/LSZ-Gr\u00fcndung-Einfamilienhaus-am-Rosengarten-1-100x100.jpg 100w\" sizes=\"auto, 100vw\" \/><\/a>\n\t\t\t<\/div><\/figure><figure class='gallery-item'>\n\t\t\t<div class='gallery-icon portrait'>\n\t\t\t\t<a href='https:\/\/hm-bauunternehmen.de\/wp-content\/uploads\/2018\/02\/Waldstedt-Schanzgraben-1.jpg'><img loading=\"lazy\" decoding=\"async\" width=\"150\" height=\"150\" src=\"https:\/\/hm-bauunternehmen.de\/wp-content\/uploads\/2018\/02\/Waldstedt-Schanzgraben-1-150x150.jpg\" class=\"attachment-thumbnail size-thumbnail\" alt=\"\" srcset=\"https:\/\/hm-bauunternehmen.de\/wp-content\/uploads\/2018\/02\/Waldstedt-Schanzgraben-1-150x150.jpg 150w, https:\/\/hm-bauunternehmen.de\/wp-content\/uploads\/2018\/02\/Waldstedt-Schanzgraben-1-100x100.jpg 100w\" sizes=\"auto, 100vw\" \/><\/a>\n\t\t\t<\/div><\/figure><figure class='gallery-item'>\n\t\t\t<div class='gallery-icon portrait'>\n\t\t\t\t<a href='https:\/\/hm-bauunternehmen.de\/wp-content\/uploads\/2026\/01\/IMG-20240409-WA0020.jpg'><img loading=\"lazy\" decoding=\"async\" width=\"150\" height=\"150\" src=\"https:\/\/hm-bauunternehmen.de\/wp-content\/uploads\/2026\/01\/IMG-20240409-WA0020-150x150.jpg\" class=\"attachment-thumbnail size-thumbnail\" alt=\"\" srcset=\"https:\/\/hm-bauunternehmen.de\/wp-content\/uploads\/2026\/01\/IMG-20240409-WA0020-150x150.jpg 150w, https:\/\/hm-bauunternehmen.de\/wp-content\/uploads\/2026\/01\/IMG-20240409-WA0020-1200x1200.jpg 1200w, https:\/\/hm-bauunternehmen.de\/wp-content\/uploads\/2026\/01\/IMG-20240409-WA0020-100x100.jpg 100w\" sizes=\"auto, 100vw\" \/><\/a>\n\t\t\t<\/div><\/figure><figure class='gallery-item'>\n\t\t\t<div class='gallery-icon portrait'>\n\t\t\t\t<a href='https:\/\/hm-bauunternehmen.de\/wp-content\/uploads\/2026\/01\/IMG-20240628-WA0021.jpg'><img loading=\"lazy\" decoding=\"async\" width=\"150\" height=\"150\" src=\"https:\/\/hm-bauunternehmen.de\/wp-content\/uploads\/2026\/01\/IMG-20240628-WA0021-150x150.jpg\" class=\"attachment-thumbnail size-thumbnail\" alt=\"\" srcset=\"https:\/\/hm-bauunternehmen.de\/wp-content\/uploads\/2026\/01\/IMG-20240628-WA0021-150x150.jpg 150w, https:\/\/hm-bauunternehmen.de\/wp-content\/uploads\/2026\/01\/IMG-20240628-WA0021-1200x1200.jpg 1200w, https:\/\/hm-bauunternehmen.de\/wp-content\/uploads\/2026\/01\/IMG-20240628-WA0021-100x100.jpg 100w\" sizes=\"auto, 100vw\" \/><\/a>\n\t\t\t<\/div><\/figure><figure class='gallery-item'>\n\t\t\t<div class='gallery-icon portrait'>\n\t\t\t\t<a href='https:\/\/hm-bauunternehmen.de\/wp-content\/uploads\/2026\/01\/WhatsApp-Bild-2025-02-03-um-11.36.42_476ef625.jpg'><img loading=\"lazy\" decoding=\"async\" width=\"150\" height=\"150\" src=\"https:\/\/hm-bauunternehmen.de\/wp-content\/uploads\/2026\/01\/WhatsApp-Bild-2025-02-03-um-11.36.42_476ef625-150x150.jpg\" class=\"attachment-thumbnail size-thumbnail\" alt=\"\" srcset=\"https:\/\/hm-bauunternehmen.de\/wp-content\/uploads\/2026\/01\/WhatsApp-Bild-2025-02-03-um-11.36.42_476ef625-150x150.jpg 150w, https:\/\/hm-bauunternehmen.de\/wp-content\/uploads\/2026\/01\/WhatsApp-Bild-2025-02-03-um-11.36.42_476ef625-1200x1200.jpg 1200w, https:\/\/hm-bauunternehmen.de\/wp-content\/uploads\/2026\/01\/WhatsApp-Bild-2025-02-03-um-11.36.42_476ef625-100x100.jpg 100w\" sizes=\"auto, 100vw\" \/><\/a>\n\t\t\t<\/div><\/figure><figure class='gallery-item'>\n\t\t\t<div class='gallery-icon portrait'>\n\t\t\t\t<a href='https:\/\/hm-bauunternehmen.de\/wp-content\/uploads\/2026\/01\/IMG-20250307-WA0005.jpg'><img loading=\"lazy\" decoding=\"async\" width=\"150\" height=\"150\" src=\"https:\/\/hm-bauunternehmen.de\/wp-content\/uploads\/2026\/01\/IMG-20250307-WA0005-150x150.jpg\" class=\"attachment-thumbnail size-thumbnail\" alt=\"\" srcset=\"https:\/\/hm-bauunternehmen.de\/wp-content\/uploads\/2026\/01\/IMG-20250307-WA0005-150x150.jpg 150w, https:\/\/hm-bauunternehmen.de\/wp-content\/uploads\/2026\/01\/IMG-20250307-WA0005-1200x1200.jpg 1200w, https:\/\/hm-bauunternehmen.de\/wp-content\/uploads\/2026\/01\/IMG-20250307-WA0005-100x100.jpg 100w\" sizes=\"auto, 100vw\" \/><\/a>\n\t\t\t<\/div><\/figure>\n\t\t<\/div>\n\n","protected":false},"excerpt":{"rendered":"","protected":false},"author":1,"featured_media":0,"parent":0,"menu_order":0,"comment_status":"closed","ping_status":"closed","template":"","meta":{"footnotes":""},"class_list":["post-107","page","type-page","status-publish","hentry"],"_links":{"self":[{"href":"https:\/\/hm-bauunternehmen.de\/index.php?rest_route=\/wp\/v2\/pages\/107","targetHints":{"allow":["GET"]}}],"collection":[{"href":"https:\/\/hm-bauunternehmen.de\/index.php?rest_route=\/wp\/v2\/pages"}],"about":[{"href":"https:\/\/hm-bauunternehmen.de\/index.php?rest_route=\/wp\/v2\/types\/page"}],"author":[{"embeddable":true,"href":"https:\/\/hm-bauunternehmen.de\/index.php?rest_route=\/wp\/v2\/users\/1"}],"replies":[{"embeddable":true,"href":"https:\/\/hm-bauunternehmen.de\/index.php?rest_route=%2Fwp%2Fv2%2Fcomments&post=107"}],"version-history":[{"count":9,"href":"https:\/\/hm-bauunternehmen.de\/index.php?rest_route=\/wp\/v2\/pages\/107\/revisions"}],"predecessor-version":[{"id":404,"href":"https:\/\/hm-bauunternehmen.de\/index.php?rest_route=\/wp\/v2\/pages\/107\/revisions\/404"}],"wp:attachment":[{"href":"https:\/\/hm-bauunternehmen.de\/index.php?rest_route=%2Fwp%2Fv2%2Fmedia&parent=107"}],"curies":[{"name":"wp","href":"https:\/\/api.w.org\/{rel}","templated":true}]}}